{"id":10338,"date":"2019-03-22T10:46:52","date_gmt":"2019-03-22T10:46:52","guid":{"rendered":"https:\/\/lapinedaplatja.info\/experiencies\/"},"modified":"2025-09-30T12:48:51","modified_gmt":"2025-09-30T10:48:51","slug":"experiencies","status":"publish","type":"page","link":"https:\/\/lapinedaplatja.info\/de\/erfahrungen\/","title":{"rendered":"Erfahrungen"},"content":{"rendered":"\t\t<div data-elementor-type=\"wp-page\" data-elementor-id=\"10338\" class=\"elementor elementor-10338 elementor-3378\" data-elementor-post-type=\"page\">\n\t\t\t\t<div class=\"elementor-element elementor-element-5fefc3c e-flex e-con-boxed e-con e-parent\" data-id=\"5fefc3c\" data-element_type=\"container\" data-settings=\"{&quot;background_background&quot;:&quot;classic&quot;}\">\n\t\t\t\t\t<div class=\"e-con-inner\">\n\t\t<div class=\"elementor-element elementor-element-7d44b4f e-con-full e-flex e-con e-child\" data-id=\"7d44b4f\" data-element_type=\"container\" data-settings=\"{&quot;background_background&quot;:&quot;classic&quot;}\">\n\t\t\t\t<\/div>\n\t\t\t\t\t<\/div>\n\t\t\t\t<\/div>\n\t\t<div class=\"elementor-element elementor-element-4acca7d e-flex e-con-boxed e-con e-parent\" data-id=\"4acca7d\" data-element_type=\"container\">\n\t\t\t\t\t<div class=\"e-con-inner\">\n\t\t<div class=\"elementor-element elementor-element-1c61ed2 e-con-full e-flex e-con e-child\" data-id=\"1c61ed2\" data-element_type=\"container\" data-settings=\"{&quot;background_background&quot;:&quot;classic&quot;}\">\n\t\t\t\t<div class=\"elementor-element elementor-element-ba96283 elementor-widget__width-auto elementor-widget elementor-widget-heading\" data-id=\"ba96283\" data-element_type=\"widget\" data-widget_type=\"heading.default\">\n\t\t\t\t<div class=\"elementor-widget-container\">\n\t\t\t\t\t<h2 class=\"elementor-heading-title elementor-size-default\">Erfahrungen<\/h2>\t\t\t\t<\/div>\n\t\t\t\t<\/div>\n\t\t\t\t<\/div>\n\t\t\t\t\t<\/div>\n\t\t\t\t<\/div>\n\t\t<div class=\"elementor-element elementor-element-f6b71ab e-flex e-con-boxed e-con e-parent\" data-id=\"f6b71ab\" data-element_type=\"container\">\n\t\t\t\t\t<div class=\"e-con-inner\">\n\t\t\t\t<div class=\"elementor-element elementor-element-a530eb0 elementor-align-left elementor-widget elementor-widget-breadcrumbs\" data-id=\"a530eb0\" data-element_type=\"widget\" data-widget_type=\"breadcrumbs.default\">\n\t\t\t\t<div class=\"elementor-widget-container\">\n\t\t\t\t\t<p id=\"breadcrumbs\"><span><span><a href=\"https:\/\/lapinedaplatja.info\/de\/\">Portada<\/a><\/span><\/span><\/p>\t\t\t\t<\/div>\n\t\t\t\t<\/div>\n\t\t\t\t<div class=\"elementor-element elementor-element-5cffb3f elementor-widget elementor-widget-text-editor\" data-id=\"5cffb3f\" data-element_type=\"widget\" data-widget_type=\"text-editor.default\">\n\t\t\t\t<div class=\"elementor-widget-container\">\n\t\t\t\t\t\t\t\t\t<p>Betreten Sie ein Reiseziel voller Kontraste, wo Sie die Ruhe des Strandes genie\u00dfen, durch Gr\u00fcnfl\u00e4chen spazieren oder ein reiches kulturelles Erbe entdecken k\u00f6nnen.<br> Nehmen Sie an lokalen Festen und Traditionen teil, erfahren Sie mehr \u00fcber das Engagement der Universit\u00e4t f\u00fcr Wissen und Innovation auf dem Universit\u00e4tscampus und erkunden Sie zukunftsweisende Projekte.<\/p><p>Was auch immer Ihre Interessen sind, hier finden Sie authentische und unvergessliche Erlebnisse.<\/p>\t\t\t\t\t\t\t\t<\/div>\n\t\t\t\t<\/div>\n\t\t\t\t<div class=\"elementor-element elementor-element-8259f65 elementor-widget elementor-widget-shortcode\" data-id=\"8259f65\" data-element_type=\"widget\" data-widget_type=\"shortcode.default\">\n\t\t\t\t<div class=\"elementor-widget-container\">\n\t\t\t\t\t\t\t<div class=\"elementor-shortcode\"><div class=\"addtoany_shortcode\"><div class=\"a2a_kit a2a_kit_size_32 addtoany_list\" data-a2a-url=\"https:\/\/lapinedaplatja.info\/de\/erfahrungen\/\" data-a2a-title=\"Erfahrungen\"><a class=\"a2a_button_facebook\" href=\"https:\/\/www.addtoany.com\/add_to\/facebook?linkurl=https%3A%2F%2Flapinedaplatja.info%2Fde%2Ferfahrungen%2F&amp;linkname=Erfahrungen\" title=\"Facebook\" rel=\"nofollow noopener\" target=\"_blank\"><\/a><a class=\"a2a_button_email\" href=\"https:\/\/www.addtoany.com\/add_to\/email?linkurl=https%3A%2F%2Flapinedaplatja.info%2Fde%2Ferfahrungen%2F&amp;linkname=Erfahrungen\" title=\"Email\" rel=\"nofollow noopener\" target=\"_blank\"><\/a><a class=\"a2a_button_linkedin\" href=\"https:\/\/www.addtoany.com\/add_to\/linkedin?linkurl=https%3A%2F%2Flapinedaplatja.info%2Fde%2Ferfahrungen%2F&amp;linkname=Erfahrungen\" title=\"LinkedIn\" rel=\"nofollow noopener\" target=\"_blank\"><\/a><a class=\"a2a_button_whatsapp\" href=\"https:\/\/www.addtoany.com\/add_to\/whatsapp?linkurl=https%3A%2F%2Flapinedaplatja.info%2Fde%2Ferfahrungen%2F&amp;linkname=Erfahrungen\" title=\"WhatsApp\" rel=\"nofollow noopener\" target=\"_blank\"><\/a><a class=\"a2a_button_threads\" href=\"https:\/\/www.addtoany.com\/add_to\/threads?linkurl=https%3A%2F%2Flapinedaplatja.info%2Fde%2Ferfahrungen%2F&amp;linkname=Erfahrungen\" title=\"Threads\" rel=\"nofollow noopener\" target=\"_blank\"><\/a><a class=\"a2a_button_copy_link\" href=\"https:\/\/www.addtoany.com\/add_to\/copy_link?linkurl=https%3A%2F%2Flapinedaplatja.info%2Fde%2Ferfahrungen%2F&amp;linkname=Erfahrungen\" title=\"Copy Link\" rel=\"nofollow noopener\" target=\"_blank\"><\/a><a class=\"a2a_dd addtoany_share_save addtoany_share\" href=\"https:\/\/www.addtoany.com\/share\"><\/a><\/div><\/div><\/div>\n\t\t\t\t\t\t<\/div>\n\t\t\t\t<\/div>\n\t\t\t\t\t<\/div>\n\t\t\t\t<\/div>\n\t\t<div class=\"elementor-element elementor-element-e89459b e-grid e-con-boxed e-con e-parent\" data-id=\"e89459b\" data-element_type=\"container\">\n\t\t\t\t\t<div class=\"e-con-inner\">\n\t\t<a class=\"elementor-element elementor-element-90f5914 e-con-full e-flex e-con e-child\" data-id=\"90f5914\" data-element_type=\"container\" data-settings=\"{&quot;background_background&quot;:&quot;classic&quot;}\" href=\"https:\/\/lapinedaplatja.info\/de\/tipus\/vacances-familia-de\/\">\n\t\t<div class=\"elementor-element elementor-element-8506bff e-con-full e-flex e-con e-child\" data-id=\"8506bff\" data-element_type=\"container\" data-settings=\"{&quot;background_background&quot;:&quot;classic&quot;}\">\n\t\t\t\t<div class=\"elementor-element elementor-element-fb6243d elementor-widget elementor-widget-heading\" data-id=\"fb6243d\" data-element_type=\"widget\" data-widget_type=\"heading.default\">\n\t\t\t\t<div class=\"elementor-widget-container\">\n\t\t\t\t\t<h2 class=\"elementor-heading-title elementor-size-default\">Familienurlaub<\/h2>\t\t\t\t<\/div>\n\t\t\t\t<\/div>\n\t\t\t\t<\/div>\n\t\t\t\t<\/a>\n\t\t<a class=\"elementor-element elementor-element-efdc2d2 e-con-full e-flex e-con e-child\" data-id=\"efdc2d2\" data-element_type=\"container\" data-settings=\"{&quot;background_background&quot;:&quot;classic&quot;}\" href=\"https:\/\/lapinedaplatja.info\/de\/tipus\/turisme-esportiu-de\/\">\n\t\t<div class=\"elementor-element elementor-element-00f84e2 e-con-full e-flex e-con e-child\" data-id=\"00f84e2\" data-element_type=\"container\" data-settings=\"{&quot;background_background&quot;:&quot;classic&quot;}\">\n\t\t\t\t<div class=\"elementor-element elementor-element-256dbf9 elementor-widget elementor-widget-heading\" data-id=\"256dbf9\" data-element_type=\"widget\" data-widget_type=\"heading.default\">\n\t\t\t\t<div class=\"elementor-widget-container\">\n\t\t\t\t\t<h2 class=\"elementor-heading-title elementor-size-default\">Sporttourismus<\/h2>\t\t\t\t<\/div>\n\t\t\t\t<\/div>\n\t\t\t\t<\/div>\n\t\t\t\t<\/a>\n\t\t<a class=\"elementor-element elementor-element-4a1c0ad e-con-full e-flex e-con e-child\" data-id=\"4a1c0ad\" data-element_type=\"container\" data-settings=\"{&quot;background_background&quot;:&quot;classic&quot;}\" href=\"https:\/\/lapinedaplatja.info\/de\/tipus\/parcs-tematics-de\/\">\n\t\t<div class=\"elementor-element elementor-element-dc43796 e-con-full e-flex e-con e-child\" data-id=\"dc43796\" data-element_type=\"container\" data-settings=\"{&quot;background_background&quot;:&quot;classic&quot;}\">\n\t\t\t\t<div class=\"elementor-element elementor-element-7c13edd elementor-widget elementor-widget-heading\" data-id=\"7c13edd\" data-element_type=\"widget\" data-widget_type=\"heading.default\">\n\t\t\t\t<div class=\"elementor-widget-container\">\n\t\t\t\t\t<h2 class=\"elementor-heading-title elementor-size-default\">Themenparks<\/h2>\t\t\t\t<\/div>\n\t\t\t\t<\/div>\n\t\t\t\t<\/div>\n\t\t\t\t<\/a>\n\t\t<a class=\"elementor-element elementor-element-f5e8b6a e-con-full e-flex e-con e-child\" data-id=\"f5e8b6a\" data-element_type=\"container\" data-settings=\"{&quot;background_background&quot;:&quot;classic&quot;}\" href=\"https:\/\/lapinedaplatja.info\/de\/tipus\/enoturime-de\/\">\n\t\t<div class=\"elementor-element elementor-element-729141f e-con-full e-flex e-con e-child\" data-id=\"729141f\" data-element_type=\"container\" data-settings=\"{&quot;background_background&quot;:&quot;classic&quot;}\">\n\t\t\t\t<div class=\"elementor-element elementor-element-6e260fd elementor-widget elementor-widget-heading\" data-id=\"6e260fd\" data-element_type=\"widget\" data-widget_type=\"heading.default\">\n\t\t\t\t<div class=\"elementor-widget-container\">\n\t\t\t\t\t<h2 class=\"elementor-heading-title elementor-size-default\">Weintourismus<\/h2>\t\t\t\t<\/div>\n\t\t\t\t<\/div>\n\t\t\t\t<\/div>\n\t\t\t\t<\/a>\n\t\t<a class=\"elementor-element elementor-element-e8a47de e-con-full e-flex e-con e-child\" data-id=\"e8a47de\" data-element_type=\"container\" data-settings=\"{&quot;background_background&quot;:&quot;classic&quot;}\" href=\"https:\/\/lapinedaplatja.info\/de\/tipus\/salut-benestar-de\/\">\n\t\t<div class=\"elementor-element elementor-element-9c42e83 e-con-full e-flex e-con e-child\" data-id=\"9c42e83\" data-element_type=\"container\" data-settings=\"{&quot;background_background&quot;:&quot;classic&quot;}\">\n\t\t\t\t<div class=\"elementor-element elementor-element-737eb40 elementor-widget elementor-widget-heading\" data-id=\"737eb40\" data-element_type=\"widget\" data-widget_type=\"heading.default\">\n\t\t\t\t<div class=\"elementor-widget-container\">\n\t\t\t\t\t<h2 class=\"elementor-heading-title elementor-size-default\">Gesundheit und Wohlbefinden<\/h2>\t\t\t\t<\/div>\n\t\t\t\t<\/div>\n\t\t\t\t<\/div>\n\t\t\t\t<\/a>\n\t\t<a class=\"elementor-element elementor-element-05f091d e-con-full e-flex e-con e-child\" data-id=\"05f091d\" data-element_type=\"container\" data-settings=\"{&quot;background_background&quot;:&quot;classic&quot;}\" href=\"https:\/\/lapinedaplatja.info\/de\/tipus\/gastronomia-de\/\">\n\t\t<div class=\"elementor-element elementor-element-4b668a7 e-con-full e-flex e-con e-child\" data-id=\"4b668a7\" data-element_type=\"container\" data-settings=\"{&quot;background_background&quot;:&quot;classic&quot;}\">\n\t\t\t\t<div class=\"elementor-element elementor-element-2668bed elementor-widget elementor-widget-heading\" data-id=\"2668bed\" data-element_type=\"widget\" data-widget_type=\"heading.default\">\n\t\t\t\t<div class=\"elementor-widget-container\">\n\t\t\t\t\t<h2 class=\"elementor-heading-title elementor-size-default\">Gastronomie<\/h2>\t\t\t\t<\/div>\n\t\t\t\t<\/div>\n\t\t\t\t<\/div>\n\t\t\t\t<\/a>\n\t\t<a class=\"elementor-element elementor-element-64148a1 e-con-full e-flex e-con e-child\" data-id=\"64148a1\" data-element_type=\"container\" data-settings=\"{&quot;background_background&quot;:&quot;classic&quot;}\" href=\"https:\/\/lapinedaplatja.info\/de\/tipus\/musica-de\/\">\n\t\t<div class=\"elementor-element elementor-element-81bc778 e-con-full e-flex e-con e-child\" data-id=\"81bc778\" data-element_type=\"container\" data-settings=\"{&quot;background_background&quot;:&quot;classic&quot;}\">\n\t\t\t\t<div class=\"elementor-element elementor-element-3453b3a elementor-widget elementor-widget-heading\" data-id=\"3453b3a\" data-element_type=\"widget\" data-widget_type=\"heading.default\">\n\t\t\t\t<div class=\"elementor-widget-container\">\n\t\t\t\t\t<h2 class=\"elementor-heading-title elementor-size-default\">Musik<\/h2>\t\t\t\t<\/div>\n\t\t\t\t<\/div>\n\t\t\t\t<\/div>\n\t\t\t\t<\/a>\n\t\t<a class=\"elementor-element elementor-element-798065d e-con-full e-flex e-con e-child\" data-id=\"798065d\" data-element_type=\"container\" data-settings=\"{&quot;background_background&quot;:&quot;classic&quot;}\" href=\"https:\/\/lapinedaplatja.info\/de\/tipus\/negocis-esdeveniments-de\/\">\n\t\t<div class=\"elementor-element elementor-element-9e9a68c e-con-full e-flex e-con e-child\" data-id=\"9e9a68c\" data-element_type=\"container\" data-settings=\"{&quot;background_background&quot;:&quot;classic&quot;}\">\n\t\t\t\t<div class=\"elementor-element elementor-element-c9c2125 elementor-widget elementor-widget-heading\" data-id=\"c9c2125\" data-element_type=\"widget\" data-widget_type=\"heading.default\">\n\t\t\t\t<div class=\"elementor-widget-container\">\n\t\t\t\t\t<h2 class=\"elementor-heading-title elementor-size-default\">Business und Events<\/h2>\t\t\t\t<\/div>\n\t\t\t\t<\/div>\n\t\t\t\t<\/div>\n\t\t\t\t<\/a>\n\t\t<a class=\"elementor-element elementor-element-ab47757 e-con-full e-flex e-con e-child\" data-id=\"ab47757\" data-element_type=\"container\" data-settings=\"{&quot;background_background&quot;:&quot;classic&quot;}\" href=\"https:\/\/lapinedaplatja.info\/de\/tipus\/entorn-de\/\">\n\t\t<div class=\"elementor-element elementor-element-22ad6ff e-con-full e-flex e-con e-child\" data-id=\"22ad6ff\" data-element_type=\"container\" data-settings=\"{&quot;background_background&quot;:&quot;classic&quot;}\">\n\t\t\t\t<div class=\"elementor-element elementor-element-662257d elementor-widget elementor-widget-heading\" data-id=\"662257d\" data-element_type=\"widget\" data-widget_type=\"heading.default\">\n\t\t\t\t<div class=\"elementor-widget-container\">\n\t\t\t\t\t<h2 class=\"elementor-heading-title elementor-size-default\">Umwelt<\/h2>\t\t\t\t<\/div>\n\t\t\t\t<\/div>\n\t\t\t\t<\/div>\n\t\t\t\t<\/a>\n\t\t\t\t\t<\/div>\n\t\t\t\t<\/div>\n\t\t\t\t<\/div>\n\t\t","protected":false},"excerpt":{"rendered":"<p>Erfahrungen Betreten Sie ein Reiseziel voller Kontraste, wo Sie die Ruhe des Strandes genie\u00dfen, durch Gr\u00fcnfl\u00e4chen spazieren oder ein reiches kulturelles Erbe entdecken k\u00f6nnen. Nehmen Sie an lokalen Festen und Traditionen teil, erfahren Sie mehr \u00fcber das Engagement der Universit\u00e4t f\u00fcr Wissen und Innovation auf dem Universit\u00e4tscampus und erkunden Sie [&hellip;]<\/p>\n","protected":false},"author":4,"featured_media":0,"parent":0,"menu_order":0,"comment_status":"closed","ping_status":"closed","template":"","meta":{"_acf_changed":false,"footnotes":""},"class_list":["post-10338","page","type-page","status-publish","hentry"],"acf":[],"yoast_head":"<!-- This site is optimized with the Yoast SEO plugin v26.6 - https:\/\/yoast.com\/wordpress\/plugins\/seo\/ -->\n<title>Erfahrungen | Vila-seca - La Pineda Platja<\/title>\n<meta name=\"robots\" content=\"index, follow, max-snippet:-1, max-image-preview:large, max-video-preview:-1\" \/>\n<link rel=\"canonical\" href=\"https:\/\/lapinedaplatja.info\/de\/erfahrungen\/\" \/>\n<meta property=\"og:locale\" content=\"de_DE\" \/>\n<meta property=\"og:type\" content=\"article\" \/>\n<meta property=\"og:title\" content=\"Erfahrungen | Vila-seca - La Pineda Platja\" \/>\n<meta property=\"og:description\" content=\"Erfahrungen Betreten Sie ein Reiseziel voller Kontraste, wo Sie die Ruhe des Strandes genie\u00dfen, durch Gr\u00fcnfl\u00e4chen spazieren oder ein reiches kulturelles Erbe entdecken k\u00f6nnen. Nehmen Sie an lokalen Festen und Traditionen teil, erfahren Sie mehr \u00fcber das Engagement der Universit\u00e4t f\u00fcr Wissen und Innovation auf dem Universit\u00e4tscampus und erkunden Sie [&hellip;]\" \/>\n<meta property=\"og:url\" content=\"https:\/\/lapinedaplatja.info\/de\/erfahrungen\/\" \/>\n<meta property=\"og:site_name\" content=\"Vila-seca - La Pineda Platja\" \/>\n<meta property=\"article:publisher\" content=\"https:\/\/www.facebook.com\/lapinedaplatja\/\" \/>\n<meta property=\"article:modified_time\" content=\"2025-09-30T10:48:51+00:00\" \/>\n<meta name=\"twitter:card\" content=\"summary_large_image\" \/>\n<meta name=\"twitter:site\" content=\"@lapinedaplatja\" \/>\n<meta name=\"twitter:label1\" content=\"Gesch\u00e4tzte Lesezeit\" \/>\n\t<meta name=\"twitter:data1\" content=\"1\u00a0Minute\" \/>\n<script type=\"application\/ld+json\" class=\"yoast-schema-graph\">{\"@context\":\"https:\/\/schema.org\",\"@graph\":[{\"@type\":\"WebPage\",\"@id\":\"https:\/\/lapinedaplatja.info\/de\/erfahrungen\/\",\"url\":\"https:\/\/lapinedaplatja.info\/de\/erfahrungen\/\",\"name\":\"Erfahrungen | Vila-seca - La Pineda Platja\",\"isPartOf\":{\"@id\":\"https:\/\/lapinedaplatja.info\/de\/#website\"},\"datePublished\":\"2019-03-22T10:46:52+00:00\",\"dateModified\":\"2025-09-30T10:48:51+00:00\",\"breadcrumb\":{\"@id\":\"https:\/\/lapinedaplatja.info\/de\/erfahrungen\/#breadcrumb\"},\"inLanguage\":\"de\",\"potentialAction\":[{\"@type\":\"ReadAction\",\"target\":[\"https:\/\/lapinedaplatja.info\/de\/erfahrungen\/\"]}]},{\"@type\":\"BreadcrumbList\",\"@id\":\"https:\/\/lapinedaplatja.info\/de\/erfahrungen\/#breadcrumb\",\"itemListElement\":[{\"@type\":\"ListItem\",\"position\":1,\"name\":\"Portada\",\"item\":\"https:\/\/lapinedaplatja.info\/de\/\"},{\"@type\":\"ListItem\",\"position\":2,\"name\":\"Erfahrungen\"}]},{\"@type\":\"WebSite\",\"@id\":\"https:\/\/lapinedaplatja.info\/de\/#website\",\"url\":\"https:\/\/lapinedaplatja.info\/de\/\",\"name\":\"La Pineda Platja | Vila-seca\",\"description\":\"Oficina de Turismo de La Pineda.\",\"publisher\":{\"@id\":\"https:\/\/lapinedaplatja.info\/de\/#organization\"},\"potentialAction\":[{\"@type\":\"SearchAction\",\"target\":{\"@type\":\"EntryPoint\",\"urlTemplate\":\"https:\/\/lapinedaplatja.info\/de\/?s={search_term_string}\"},\"query-input\":{\"@type\":\"PropertyValueSpecification\",\"valueRequired\":true,\"valueName\":\"search_term_string\"}}],\"inLanguage\":\"de\"},{\"@type\":\"Organization\",\"@id\":\"https:\/\/lapinedaplatja.info\/de\/#organization\",\"name\":\"Patronat Municipal de Turisme de Vila-seca\",\"url\":\"https:\/\/lapinedaplatja.info\/de\/\",\"logo\":{\"@type\":\"ImageObject\",\"inLanguage\":\"de\",\"@id\":\"https:\/\/lapinedaplatja.info\/de\/#\/schema\/logo\/image\/\",\"url\":\"https:\/\/lapinedaplatja.info\/wp-content\/uploads\/2018\/10\/cropped-13260099_989491457837088_3488030785405353200_n.jpg\",\"contentUrl\":\"https:\/\/lapinedaplatja.info\/wp-content\/uploads\/2018\/10\/cropped-13260099_989491457837088_3488030785405353200_n.jpg\",\"width\":600,\"height\":600,\"caption\":\"Patronat Municipal de Turisme de Vila-seca\"},\"image\":{\"@id\":\"https:\/\/lapinedaplatja.info\/de\/#\/schema\/logo\/image\/\"},\"sameAs\":[\"https:\/\/www.facebook.com\/lapinedaplatja\/\",\"https:\/\/x.com\/lapinedaplatja\",\"https:\/\/www.instagram.com\/lapinedaplatja\/\"]}]}<\/script>\n<!-- \/ Yoast SEO plugin. -->","yoast_head_json":{"title":"Erfahrungen | Vila-seca - La Pineda Platja","robots":{"index":"index","follow":"follow","max-snippet":"max-snippet:-1","max-image-preview":"max-image-preview:large","max-video-preview":"max-video-preview:-1"},"canonical":"https:\/\/lapinedaplatja.info\/de\/erfahrungen\/","og_locale":"de_DE","og_type":"article","og_title":"Erfahrungen | Vila-seca - La Pineda Platja","og_description":"Erfahrungen Betreten Sie ein Reiseziel voller Kontraste, wo Sie die Ruhe des Strandes genie\u00dfen, durch Gr\u00fcnfl\u00e4chen spazieren oder ein reiches kulturelles Erbe entdecken k\u00f6nnen. Nehmen Sie an lokalen Festen und Traditionen teil, erfahren Sie mehr \u00fcber das Engagement der Universit\u00e4t f\u00fcr Wissen und Innovation auf dem Universit\u00e4tscampus und erkunden Sie [&hellip;]","og_url":"https:\/\/lapinedaplatja.info\/de\/erfahrungen\/","og_site_name":"Vila-seca - La Pineda Platja","article_publisher":"https:\/\/www.facebook.com\/lapinedaplatja\/","article_modified_time":"2025-09-30T10:48:51+00:00","twitter_card":"summary_large_image","twitter_site":"@lapinedaplatja","twitter_misc":{"Gesch\u00e4tzte Lesezeit":"1\u00a0Minute"},"schema":{"@context":"https:\/\/schema.org","@graph":[{"@type":"WebPage","@id":"https:\/\/lapinedaplatja.info\/de\/erfahrungen\/","url":"https:\/\/lapinedaplatja.info\/de\/erfahrungen\/","name":"Erfahrungen | Vila-seca - La Pineda Platja","isPartOf":{"@id":"https:\/\/lapinedaplatja.info\/de\/#website"},"datePublished":"2019-03-22T10:46:52+00:00","dateModified":"2025-09-30T10:48:51+00:00","breadcrumb":{"@id":"https:\/\/lapinedaplatja.info\/de\/erfahrungen\/#breadcrumb"},"inLanguage":"de","potentialAction":[{"@type":"ReadAction","target":["https:\/\/lapinedaplatja.info\/de\/erfahrungen\/"]}]},{"@type":"BreadcrumbList","@id":"https:\/\/lapinedaplatja.info\/de\/erfahrungen\/#breadcrumb","itemListElement":[{"@type":"ListItem","position":1,"name":"Portada","item":"https:\/\/lapinedaplatja.info\/de\/"},{"@type":"ListItem","position":2,"name":"Erfahrungen"}]},{"@type":"WebSite","@id":"https:\/\/lapinedaplatja.info\/de\/#website","url":"https:\/\/lapinedaplatja.info\/de\/","name":"La Pineda Platja | Vila-seca","description":"Oficina de Turismo de La Pineda.","publisher":{"@id":"https:\/\/lapinedaplatja.info\/de\/#organization"},"potentialAction":[{"@type":"SearchAction","target":{"@type":"EntryPoint","urlTemplate":"https:\/\/lapinedaplatja.info\/de\/?s={search_term_string}"},"query-input":{"@type":"PropertyValueSpecification","valueRequired":true,"valueName":"search_term_string"}}],"inLanguage":"de"},{"@type":"Organization","@id":"https:\/\/lapinedaplatja.info\/de\/#organization","name":"Patronat Municipal de Turisme de Vila-seca","url":"https:\/\/lapinedaplatja.info\/de\/","logo":{"@type":"ImageObject","inLanguage":"de","@id":"https:\/\/lapinedaplatja.info\/de\/#\/schema\/logo\/image\/","url":"https:\/\/lapinedaplatja.info\/wp-content\/uploads\/2018\/10\/cropped-13260099_989491457837088_3488030785405353200_n.jpg","contentUrl":"https:\/\/lapinedaplatja.info\/wp-content\/uploads\/2018\/10\/cropped-13260099_989491457837088_3488030785405353200_n.jpg","width":600,"height":600,"caption":"Patronat Municipal de Turisme de Vila-seca"},"image":{"@id":"https:\/\/lapinedaplatja.info\/de\/#\/schema\/logo\/image\/"},"sameAs":["https:\/\/www.facebook.com\/lapinedaplatja\/","https:\/\/x.com\/lapinedaplatja","https:\/\/www.instagram.com\/lapinedaplatja\/"]}]}},"_links":{"self":[{"href":"https:\/\/lapinedaplatja.info\/de\/wp-json\/wp\/v2\/pages\/10338","targetHints":{"allow":["GET"]}}],"collection":[{"href":"https:\/\/lapinedaplatja.info\/de\/wp-json\/wp\/v2\/pages"}],"about":[{"href":"https:\/\/lapinedaplatja.info\/de\/wp-json\/wp\/v2\/types\/page"}],"author":[{"embeddable":true,"href":"https:\/\/lapinedaplatja.info\/de\/wp-json\/wp\/v2\/users\/4"}],"replies":[{"embeddable":true,"href":"https:\/\/lapinedaplatja.info\/de\/wp-json\/wp\/v2\/comments?post=10338"}],"version-history":[{"count":0,"href":"https:\/\/lapinedaplatja.info\/de\/wp-json\/wp\/v2\/pages\/10338\/revisions"}],"wp:attachment":[{"href":"https:\/\/lapinedaplatja.info\/de\/wp-json\/wp\/v2\/media?parent=10338"}],"curies":[{"name":"wp","href":"https:\/\/api.w.org\/{rel}","templated":true}]}}