{"id":7878,"date":"2018-10-23T21:30:36","date_gmt":"2018-10-23T21:30:36","guid":{"rendered":"http:\/\/lapinedaplatja.info\/descobreix\/"},"modified":"2025-08-12T12:49:43","modified_gmt":"2025-08-12T10:49:43","slug":"descobreix","status":"publish","type":"page","link":"https:\/\/lapinedaplatja.info\/es\/descubre\/","title":{"rendered":"Descubre"},"content":{"rendered":"\t\t<div data-elementor-type=\"wp-page\" data-elementor-id=\"7878\" class=\"elementor elementor-7878 elementor-2403\" data-elementor-post-type=\"page\">\n\t\t\t\t<div class=\"elementor-element elementor-element-2181f1f e-flex e-con-boxed e-con e-parent\" data-id=\"2181f1f\" data-element_type=\"container\" data-settings=\"{&quot;background_background&quot;:&quot;classic&quot;}\">\n\t\t\t\t\t<div class=\"e-con-inner\">\n\t\t<div class=\"elementor-element elementor-element-2093aa2 e-con-full e-flex e-con e-child\" data-id=\"2093aa2\" data-element_type=\"container\" data-settings=\"{&quot;background_background&quot;:&quot;classic&quot;}\">\n\t\t\t\t<\/div>\n\t\t\t\t\t<\/div>\n\t\t\t\t<\/div>\n\t\t<div class=\"elementor-element elementor-element-d53882e e-flex e-con-boxed e-con e-parent\" data-id=\"d53882e\" data-element_type=\"container\">\n\t\t\t\t\t<div class=\"e-con-inner\">\n\t\t<div class=\"elementor-element elementor-element-f562376 e-con-full e-flex e-con e-child\" data-id=\"f562376\" data-element_type=\"container\" data-settings=\"{&quot;background_background&quot;:&quot;classic&quot;}\">\n\t\t\t\t<div class=\"elementor-element elementor-element-2eefebe elementor-widget__width-auto elementor-widget elementor-widget-heading\" data-id=\"2eefebe\" data-element_type=\"widget\" data-widget_type=\"heading.default\">\n\t\t\t\t<div class=\"elementor-widget-container\">\n\t\t\t\t\t<h2 class=\"elementor-heading-title elementor-size-default\">Descubre<\/h2>\t\t\t\t<\/div>\n\t\t\t\t<\/div>\n\t\t\t\t<\/div>\n\t\t\t\t\t<\/div>\n\t\t\t\t<\/div>\n\t\t<div class=\"elementor-element elementor-element-fce4daa e-flex e-con-boxed e-con e-parent\" data-id=\"fce4daa\" data-element_type=\"container\">\n\t\t\t\t\t<div class=\"e-con-inner\">\n\t\t\t\t<div class=\"elementor-element elementor-element-86c4336 elementor-align-left elementor-widget elementor-widget-breadcrumbs\" data-id=\"86c4336\" data-element_type=\"widget\" data-widget_type=\"breadcrumbs.default\">\n\t\t\t\t<div class=\"elementor-widget-container\">\n\t\t\t\t\t<p id=\"breadcrumbs\"><span><span><a href=\"https:\/\/lapinedaplatja.info\/es\/\">Portada<\/a><\/span><\/span><\/p>\t\t\t\t<\/div>\n\t\t\t\t<\/div>\n\t\t\t\t<div class=\"elementor-element elementor-element-8a749e5 elementor-widget elementor-widget-text-editor\" data-id=\"8a749e5\" data-element_type=\"widget\" data-widget_type=\"text-editor.default\">\n\t\t\t\t<div class=\"elementor-widget-container\">\n\t\t\t\t\t\t\t\t\t<p>Descubre <strong>Vila-seca, la Pineda Platja<\/strong>\u00a0es la puerta de entrada a un territorio rico en historia, naturaleza y tradici\u00f3n.<\/p><p>Aqu\u00ed encontrar\u00e1s mucho m\u00e1s que un destino de sol y playa. Podr\u00e1s pasear por su patrimonio, relajarte en espacios verdes, vivir las fiestas populares o explorar el futuro del municipio a trav\u00e9s de sus proyectos de innovaci\u00f3n y conocimiento.<\/p><p>Desde la arena dorada de la playa hasta los espacios universitarios, Vila-seca, la Pineda Platja te invita a conectar con la esencia del territorio.<\/p><p>Tanto si buscas tranquilidad como experiencias culturales, aqu\u00ed hay un mundo por descubrir, respirar y disfrutar todo el a\u00f1o.<\/p>\t\t\t\t\t\t\t\t<\/div>\n\t\t\t\t<\/div>\n\t\t\t\t<div class=\"elementor-element elementor-element-97db00c elementor-widget elementor-widget-shortcode\" data-id=\"97db00c\" data-element_type=\"widget\" data-widget_type=\"shortcode.default\">\n\t\t\t\t<div class=\"elementor-widget-container\">\n\t\t\t\t\t\t\t<div class=\"elementor-shortcode\"><div class=\"addtoany_shortcode\"><div class=\"a2a_kit a2a_kit_size_32 addtoany_list\" data-a2a-url=\"https:\/\/lapinedaplatja.info\/es\/descubre\/\" data-a2a-title=\"Descubre\"><a class=\"a2a_button_facebook\" href=\"https:\/\/www.addtoany.com\/add_to\/facebook?linkurl=https%3A%2F%2Flapinedaplatja.info%2Fes%2Fdescubre%2F&amp;linkname=Descubre\" title=\"Facebook\" rel=\"nofollow noopener\" target=\"_blank\"><\/a><a class=\"a2a_button_email\" href=\"https:\/\/www.addtoany.com\/add_to\/email?linkurl=https%3A%2F%2Flapinedaplatja.info%2Fes%2Fdescubre%2F&amp;linkname=Descubre\" title=\"Email\" rel=\"nofollow noopener\" target=\"_blank\"><\/a><a class=\"a2a_button_linkedin\" href=\"https:\/\/www.addtoany.com\/add_to\/linkedin?linkurl=https%3A%2F%2Flapinedaplatja.info%2Fes%2Fdescubre%2F&amp;linkname=Descubre\" title=\"LinkedIn\" rel=\"nofollow noopener\" target=\"_blank\"><\/a><a class=\"a2a_button_whatsapp\" href=\"https:\/\/www.addtoany.com\/add_to\/whatsapp?linkurl=https%3A%2F%2Flapinedaplatja.info%2Fes%2Fdescubre%2F&amp;linkname=Descubre\" title=\"WhatsApp\" rel=\"nofollow noopener\" target=\"_blank\"><\/a><a class=\"a2a_button_threads\" href=\"https:\/\/www.addtoany.com\/add_to\/threads?linkurl=https%3A%2F%2Flapinedaplatja.info%2Fes%2Fdescubre%2F&amp;linkname=Descubre\" title=\"Threads\" rel=\"nofollow noopener\" target=\"_blank\"><\/a><a class=\"a2a_button_copy_link\" href=\"https:\/\/www.addtoany.com\/add_to\/copy_link?linkurl=https%3A%2F%2Flapinedaplatja.info%2Fes%2Fdescubre%2F&amp;linkname=Descubre\" title=\"Copy Link\" rel=\"nofollow noopener\" target=\"_blank\"><\/a><a class=\"a2a_dd addtoany_share_save addtoany_share\" href=\"https:\/\/www.addtoany.com\/share\"><\/a><\/div><\/div><\/div>\n\t\t\t\t\t\t<\/div>\n\t\t\t\t<\/div>\n\t\t\t\t\t<\/div>\n\t\t\t\t<\/div>\n\t\t<div class=\"elementor-element elementor-element-b10c65e e-grid e-con-boxed e-con e-parent\" data-id=\"b10c65e\" data-element_type=\"container\">\n\t\t\t\t\t<div class=\"e-con-inner\">\n\t\t<a class=\"elementor-element elementor-element-9188287 e-con-full e-flex e-con e-child\" data-id=\"9188287\" data-element_type=\"container\" data-settings=\"{&quot;background_background&quot;:&quot;classic&quot;}\" href=\"https:\/\/lapinedaplatja.info\/es\/item\/vila-seca-la-pineda-platja\/\">\n\t\t<div class=\"elementor-element elementor-element-cebd13d e-con-full e-flex e-con e-child\" data-id=\"cebd13d\" data-element_type=\"container\" data-settings=\"{&quot;background_background&quot;:&quot;classic&quot;}\">\n\t\t\t\t<div class=\"elementor-element elementor-element-7724885 elementor-widget elementor-widget-heading\" data-id=\"7724885\" data-element_type=\"widget\" data-widget_type=\"heading.default\">\n\t\t\t\t<div class=\"elementor-widget-container\">\n\t\t\t\t\t<h2 class=\"elementor-heading-title elementor-size-default\">Vila-seca, la Pineda Platja<\/h2>\t\t\t\t<\/div>\n\t\t\t\t<\/div>\n\t\t\t\t<\/div>\n\t\t\t\t<\/a>\n\t\t<a class=\"elementor-element elementor-element-041e937 e-con-full e-flex e-con e-child\" data-id=\"041e937\" data-element_type=\"container\" data-settings=\"{&quot;background_background&quot;:&quot;classic&quot;}\" href=\"https:\/\/lapinedaplatja.info\/es\/item\/platja\/\">\n\t\t<div class=\"elementor-element elementor-element-c13f156 e-con-full e-flex e-con e-child\" data-id=\"c13f156\" data-element_type=\"container\" data-settings=\"{&quot;background_background&quot;:&quot;classic&quot;}\">\n\t\t\t\t<div class=\"elementor-element elementor-element-c1340a0 elementor-widget elementor-widget-heading\" data-id=\"c1340a0\" data-element_type=\"widget\" data-widget_type=\"heading.default\">\n\t\t\t\t<div class=\"elementor-widget-container\">\n\t\t\t\t\t<h2 class=\"elementor-heading-title elementor-size-default\">La Playa<\/h2>\t\t\t\t<\/div>\n\t\t\t\t<\/div>\n\t\t\t\t<\/div>\n\t\t\t\t<\/a>\n\t\t<a class=\"elementor-element elementor-element-824a510 e-con-full e-flex e-con e-child\" data-id=\"824a510\" data-element_type=\"container\" data-settings=\"{&quot;background_background&quot;:&quot;classic&quot;}\" href=\"https:\/\/lapinedaplatja.info\/es\/tipus\/patrimoni-es\/\">\n\t\t<div class=\"elementor-element elementor-element-0f1f349 e-con-full e-flex e-con e-child\" data-id=\"0f1f349\" data-element_type=\"container\" data-settings=\"{&quot;background_background&quot;:&quot;classic&quot;}\">\n\t\t\t\t<div class=\"elementor-element elementor-element-d7ca08b elementor-widget elementor-widget-heading\" data-id=\"d7ca08b\" data-element_type=\"widget\" data-widget_type=\"heading.default\">\n\t\t\t\t<div class=\"elementor-widget-container\">\n\t\t\t\t\t<h2 class=\"elementor-heading-title elementor-size-default\">Patrimonio<\/h2>\t\t\t\t<\/div>\n\t\t\t\t<\/div>\n\t\t\t\t<\/div>\n\t\t\t\t<\/a>\n\t\t<a class=\"elementor-element elementor-element-fbeda84 e-con-full e-flex e-con e-child\" data-id=\"fbeda84\" data-element_type=\"container\" data-settings=\"{&quot;background_background&quot;:&quot;classic&quot;}\" href=\"https:\/\/lapinedaplatja.info\/es\/tipus\/espais-verds-es\/\">\n\t\t<div class=\"elementor-element elementor-element-d0fce7f e-con-full e-flex e-con e-child\" data-id=\"d0fce7f\" data-element_type=\"container\" data-settings=\"{&quot;background_background&quot;:&quot;classic&quot;}\">\n\t\t\t\t<div class=\"elementor-element elementor-element-b60aaf3 elementor-widget elementor-widget-heading\" data-id=\"b60aaf3\" data-element_type=\"widget\" data-widget_type=\"heading.default\">\n\t\t\t\t<div class=\"elementor-widget-container\">\n\t\t\t\t\t<h2 class=\"elementor-heading-title elementor-size-default\">Espacios Verdes<\/h2>\t\t\t\t<\/div>\n\t\t\t\t<\/div>\n\t\t\t\t<\/div>\n\t\t\t\t<\/a>\n\t\t<a class=\"elementor-element elementor-element-f752ef2 e-con-full e-flex e-con e-child\" data-id=\"f752ef2\" data-element_type=\"container\" data-settings=\"{&quot;background_background&quot;:&quot;classic&quot;}\" href=\"https:\/\/lapinedaplatja.info\/es\/tipus\/festes-tradicions-es\/\">\n\t\t<div class=\"elementor-element elementor-element-23ecbec e-con-full e-flex e-con e-child\" data-id=\"23ecbec\" data-element_type=\"container\" data-settings=\"{&quot;background_background&quot;:&quot;classic&quot;}\">\n\t\t\t\t<div class=\"elementor-element elementor-element-a5058ae elementor-widget elementor-widget-heading\" data-id=\"a5058ae\" data-element_type=\"widget\" data-widget_type=\"heading.default\">\n\t\t\t\t<div class=\"elementor-widget-container\">\n\t\t\t\t\t<h2 class=\"elementor-heading-title elementor-size-default\">Fiestas y Tradiciones<\/h2>\t\t\t\t<\/div>\n\t\t\t\t<\/div>\n\t\t\t\t<\/div>\n\t\t\t\t<\/a>\n\t\t<a class=\"elementor-element elementor-element-660d77c e-con-full e-flex e-con e-child\" data-id=\"660d77c\" data-element_type=\"container\" data-settings=\"{&quot;background_background&quot;:&quot;classic&quot;}\" href=\"https:\/\/lapinedaplatja.info\/es\/tipus\/universitat-excellencia-es\/\">\n\t\t<div class=\"elementor-element elementor-element-faafac7 e-con-full e-flex e-con e-child\" data-id=\"faafac7\" data-element_type=\"container\" data-settings=\"{&quot;background_background&quot;:&quot;classic&quot;}\">\n\t\t\t\t<div class=\"elementor-element elementor-element-22c1677 elementor-widget elementor-widget-heading\" data-id=\"22c1677\" data-element_type=\"widget\" data-widget_type=\"heading.default\">\n\t\t\t\t<div class=\"elementor-widget-container\">\n\t\t\t\t\t<h2 class=\"elementor-heading-title elementor-size-default\">Universidad y Excelencia<\/h2>\t\t\t\t<\/div>\n\t\t\t\t<\/div>\n\t\t\t\t<\/div>\n\t\t\t\t<\/a>\n\t\t<a class=\"elementor-element elementor-element-0c1105a e-con-full e-flex e-con e-child\" data-id=\"0c1105a\" data-element_type=\"container\" data-settings=\"{&quot;background_background&quot;:&quot;classic&quot;}\" href=\"https:\/\/lapinedaplatja.info\/es\/tipus\/projectes-futur-es\/\">\n\t\t<div class=\"elementor-element elementor-element-5781aaf e-con-full e-flex e-con e-child\" data-id=\"5781aaf\" data-element_type=\"container\" data-settings=\"{&quot;background_background&quot;:&quot;classic&quot;}\">\n\t\t\t\t<div class=\"elementor-element elementor-element-a2666bf elementor-widget elementor-widget-heading\" data-id=\"a2666bf\" data-element_type=\"widget\" data-widget_type=\"heading.default\">\n\t\t\t\t<div class=\"elementor-widget-container\">\n\t\t\t\t\t<h2 class=\"elementor-heading-title elementor-size-default\">Proyectos de Futuro<\/h2>\t\t\t\t<\/div>\n\t\t\t\t<\/div>\n\t\t\t\t<\/div>\n\t\t\t\t<\/a>\n\t\t\t\t\t<\/div>\n\t\t\t\t<\/div>\n\t\t\t\t<\/div>\n\t\t","protected":false},"excerpt":{"rendered":"<p>Descubre Descubre Vila-seca, la Pineda Platja\u00a0es la puerta de entrada a un territorio rico en historia, naturaleza y tradici\u00f3n. Aqu\u00ed encontrar\u00e1s mucho m\u00e1s que un destino de sol y playa. Podr\u00e1s pasear por su patrimonio, relajarte en espacios verdes, vivir las fiestas populares o explorar el futuro del municipio a [&hellip;]<\/p>\n","protected":false},"author":4,"featured_media":0,"parent":0,"menu_order":0,"comment_status":"closed","ping_status":"closed","template":"","meta":{"_acf_changed":false,"footnotes":""},"class_list":["post-7878","page","type-page","status-publish","hentry"],"acf":[],"yoast_head":"<!-- This site is optimized with the Yoast SEO plugin v26.6 - https:\/\/yoast.com\/wordpress\/plugins\/seo\/ -->\n<title>Descubre | Vila-seca<\/title>\n<meta name=\"robots\" content=\"index, follow, max-snippet:-1, max-image-preview:large, max-video-preview:-1\" \/>\n<link rel=\"canonical\" href=\"https:\/\/lapinedaplatja.info\/es\/descubre\/\" \/>\n<meta property=\"og:locale\" content=\"es_ES\" \/>\n<meta property=\"og:type\" content=\"article\" \/>\n<meta property=\"og:title\" content=\"Descubre | Vila-seca\" \/>\n<meta property=\"og:description\" content=\"Descubre Descubre Vila-seca, la Pineda Platja\u00a0es la puerta de entrada a un territorio rico en historia, naturaleza y tradici\u00f3n. Aqu\u00ed encontrar\u00e1s mucho m\u00e1s que un destino de sol y playa. Podr\u00e1s pasear por su patrimonio, relajarte en espacios verdes, vivir las fiestas populares o explorar el futuro del municipio a [&hellip;]\" \/>\n<meta property=\"og:url\" content=\"https:\/\/lapinedaplatja.info\/es\/descubre\/\" \/>\n<meta property=\"og:site_name\" content=\"Vila-seca\" \/>\n<meta property=\"article:publisher\" content=\"https:\/\/www.facebook.com\/lapinedaplatja\/\" \/>\n<meta property=\"article:modified_time\" content=\"2025-08-12T10:49:43+00:00\" \/>\n<meta name=\"twitter:card\" content=\"summary_large_image\" \/>\n<meta name=\"twitter:site\" content=\"@lapinedaplatja\" \/>\n<meta name=\"twitter:label1\" content=\"Tiempo de lectura\" \/>\n\t<meta name=\"twitter:data1\" content=\"1 minuto\" \/>\n<script type=\"application\/ld+json\" class=\"yoast-schema-graph\">{\"@context\":\"https:\/\/schema.org\",\"@graph\":[{\"@type\":\"WebPage\",\"@id\":\"https:\/\/lapinedaplatja.info\/es\/descubre\/\",\"url\":\"https:\/\/lapinedaplatja.info\/es\/descubre\/\",\"name\":\"Descubre | Vila-seca\",\"isPartOf\":{\"@id\":\"https:\/\/lapinedaplatja.info\/es\/#website\"},\"datePublished\":\"2018-10-23T21:30:36+00:00\",\"dateModified\":\"2025-08-12T10:49:43+00:00\",\"breadcrumb\":{\"@id\":\"https:\/\/lapinedaplatja.info\/es\/descubre\/#breadcrumb\"},\"inLanguage\":\"es\",\"potentialAction\":[{\"@type\":\"ReadAction\",\"target\":[\"https:\/\/lapinedaplatja.info\/es\/descubre\/\"]}]},{\"@type\":\"BreadcrumbList\",\"@id\":\"https:\/\/lapinedaplatja.info\/es\/descubre\/#breadcrumb\",\"itemListElement\":[{\"@type\":\"ListItem\",\"position\":1,\"name\":\"Portada\",\"item\":\"https:\/\/lapinedaplatja.info\/es\/\"},{\"@type\":\"ListItem\",\"position\":2,\"name\":\"Descubre\"}]},{\"@type\":\"WebSite\",\"@id\":\"https:\/\/lapinedaplatja.info\/es\/#website\",\"url\":\"https:\/\/lapinedaplatja.info\/es\/\",\"name\":\"La Pineda Platja | Vila-seca\",\"description\":\"Destinaci\u00f3 de turisme familiar.\",\"publisher\":{\"@id\":\"https:\/\/lapinedaplatja.info\/es\/#organization\"},\"potentialAction\":[{\"@type\":\"SearchAction\",\"target\":{\"@type\":\"EntryPoint\",\"urlTemplate\":\"https:\/\/lapinedaplatja.info\/es\/?s={search_term_string}\"},\"query-input\":{\"@type\":\"PropertyValueSpecification\",\"valueRequired\":true,\"valueName\":\"search_term_string\"}}],\"inLanguage\":\"es\"},{\"@type\":\"Organization\",\"@id\":\"https:\/\/lapinedaplatja.info\/es\/#organization\",\"name\":\"Patronat Municipal de Turisme de Vila-seca\",\"url\":\"https:\/\/lapinedaplatja.info\/es\/\",\"logo\":{\"@type\":\"ImageObject\",\"inLanguage\":\"es\",\"@id\":\"https:\/\/lapinedaplatja.info\/es\/#\/schema\/logo\/image\/\",\"url\":\"https:\/\/lapinedaplatja.info\/wp-content\/uploads\/2018\/10\/cropped-13260099_989491457837088_3488030785405353200_n.jpg\",\"contentUrl\":\"https:\/\/lapinedaplatja.info\/wp-content\/uploads\/2018\/10\/cropped-13260099_989491457837088_3488030785405353200_n.jpg\",\"width\":600,\"height\":600,\"caption\":\"Patronat Municipal de Turisme de Vila-seca\"},\"image\":{\"@id\":\"https:\/\/lapinedaplatja.info\/es\/#\/schema\/logo\/image\/\"},\"sameAs\":[\"https:\/\/www.facebook.com\/lapinedaplatja\/\",\"https:\/\/x.com\/lapinedaplatja\",\"https:\/\/www.instagram.com\/lapinedaplatja\/\"]}]}<\/script>\n<!-- \/ Yoast SEO plugin. -->","yoast_head_json":{"title":"Descubre | Vila-seca","robots":{"index":"index","follow":"follow","max-snippet":"max-snippet:-1","max-image-preview":"max-image-preview:large","max-video-preview":"max-video-preview:-1"},"canonical":"https:\/\/lapinedaplatja.info\/es\/descubre\/","og_locale":"es_ES","og_type":"article","og_title":"Descubre | Vila-seca","og_description":"Descubre Descubre Vila-seca, la Pineda Platja\u00a0es la puerta de entrada a un territorio rico en historia, naturaleza y tradici\u00f3n. Aqu\u00ed encontrar\u00e1s mucho m\u00e1s que un destino de sol y playa. Podr\u00e1s pasear por su patrimonio, relajarte en espacios verdes, vivir las fiestas populares o explorar el futuro del municipio a [&hellip;]","og_url":"https:\/\/lapinedaplatja.info\/es\/descubre\/","og_site_name":"Vila-seca","article_publisher":"https:\/\/www.facebook.com\/lapinedaplatja\/","article_modified_time":"2025-08-12T10:49:43+00:00","twitter_card":"summary_large_image","twitter_site":"@lapinedaplatja","twitter_misc":{"Tiempo de lectura":"1 minuto"},"schema":{"@context":"https:\/\/schema.org","@graph":[{"@type":"WebPage","@id":"https:\/\/lapinedaplatja.info\/es\/descubre\/","url":"https:\/\/lapinedaplatja.info\/es\/descubre\/","name":"Descubre | Vila-seca","isPartOf":{"@id":"https:\/\/lapinedaplatja.info\/es\/#website"},"datePublished":"2018-10-23T21:30:36+00:00","dateModified":"2025-08-12T10:49:43+00:00","breadcrumb":{"@id":"https:\/\/lapinedaplatja.info\/es\/descubre\/#breadcrumb"},"inLanguage":"es","potentialAction":[{"@type":"ReadAction","target":["https:\/\/lapinedaplatja.info\/es\/descubre\/"]}]},{"@type":"BreadcrumbList","@id":"https:\/\/lapinedaplatja.info\/es\/descubre\/#breadcrumb","itemListElement":[{"@type":"ListItem","position":1,"name":"Portada","item":"https:\/\/lapinedaplatja.info\/es\/"},{"@type":"ListItem","position":2,"name":"Descubre"}]},{"@type":"WebSite","@id":"https:\/\/lapinedaplatja.info\/es\/#website","url":"https:\/\/lapinedaplatja.info\/es\/","name":"La Pineda Platja | Vila-seca","description":"Destinaci\u00f3 de turisme familiar.","publisher":{"@id":"https:\/\/lapinedaplatja.info\/es\/#organization"},"potentialAction":[{"@type":"SearchAction","target":{"@type":"EntryPoint","urlTemplate":"https:\/\/lapinedaplatja.info\/es\/?s={search_term_string}"},"query-input":{"@type":"PropertyValueSpecification","valueRequired":true,"valueName":"search_term_string"}}],"inLanguage":"es"},{"@type":"Organization","@id":"https:\/\/lapinedaplatja.info\/es\/#organization","name":"Patronat Municipal de Turisme de Vila-seca","url":"https:\/\/lapinedaplatja.info\/es\/","logo":{"@type":"ImageObject","inLanguage":"es","@id":"https:\/\/lapinedaplatja.info\/es\/#\/schema\/logo\/image\/","url":"https:\/\/lapinedaplatja.info\/wp-content\/uploads\/2018\/10\/cropped-13260099_989491457837088_3488030785405353200_n.jpg","contentUrl":"https:\/\/lapinedaplatja.info\/wp-content\/uploads\/2018\/10\/cropped-13260099_989491457837088_3488030785405353200_n.jpg","width":600,"height":600,"caption":"Patronat Municipal de Turisme de Vila-seca"},"image":{"@id":"https:\/\/lapinedaplatja.info\/es\/#\/schema\/logo\/image\/"},"sameAs":["https:\/\/www.facebook.com\/lapinedaplatja\/","https:\/\/x.com\/lapinedaplatja","https:\/\/www.instagram.com\/lapinedaplatja\/"]}]}},"_links":{"self":[{"href":"https:\/\/lapinedaplatja.info\/es\/wp-json\/wp\/v2\/pages\/7878","targetHints":{"allow":["GET"]}}],"collection":[{"href":"https:\/\/lapinedaplatja.info\/es\/wp-json\/wp\/v2\/pages"}],"about":[{"href":"https:\/\/lapinedaplatja.info\/es\/wp-json\/wp\/v2\/types\/page"}],"author":[{"embeddable":true,"href":"https:\/\/lapinedaplatja.info\/es\/wp-json\/wp\/v2\/users\/4"}],"replies":[{"embeddable":true,"href":"https:\/\/lapinedaplatja.info\/es\/wp-json\/wp\/v2\/comments?post=7878"}],"version-history":[{"count":0,"href":"https:\/\/lapinedaplatja.info\/es\/wp-json\/wp\/v2\/pages\/7878\/revisions"}],"wp:attachment":[{"href":"https:\/\/lapinedaplatja.info\/es\/wp-json\/wp\/v2\/media?parent=7878"}],"curies":[{"name":"wp","href":"https:\/\/api.w.org\/{rel}","templated":true}]}}